{"id":9,"date":"2022-06-03T08:20:42","date_gmt":"2022-06-03T08:20:42","guid":{"rendered":"https:\/\/vukotek.fi\/?page_id=9"},"modified":"2024-08-31T17:55:25","modified_gmt":"2024-08-31T17:55:25","slug":"vukotek-oy","status":"publish","type":"page","link":"https:\/\/vukotek.fi\/index.php\/vukotek-oy\/","title":{"rendered":""},"content":{"rendered":"\n<p><strong>vuokraa(at)vukotek.fi <\/strong>        <strong>p. 044 3315576<\/strong><\/p>\n\n\n\n<figure class=\"wp-block-image size-large\"><img loading=\"lazy\" decoding=\"async\" width=\"1024\" height=\"461\" src=\"https:\/\/vukotek.fi\/wp-content\/uploads\/2022\/06\/IMG_20220530_210707-1024x461.jpg\" alt=\"\" class=\"wp-image-13\" srcset=\"https:\/\/vukotek.fi\/wp-content\/uploads\/2022\/06\/IMG_20220530_210707-1024x461.jpg 1024w, https:\/\/vukotek.fi\/wp-content\/uploads\/2022\/06\/IMG_20220530_210707-300x135.jpg 300w, https:\/\/vukotek.fi\/wp-content\/uploads\/2022\/06\/IMG_20220530_210707-768x346.jpg 768w, https:\/\/vukotek.fi\/wp-content\/uploads\/2022\/06\/IMG_20220530_210707-1536x691.jpg 1536w, https:\/\/vukotek.fi\/wp-content\/uploads\/2022\/06\/IMG_20220530_210707-2048x922.jpg 2048w\" sizes=\"auto, (max-width: 1024px) 100vw, 1024px\" \/><\/figure>\n\n\n\n<figure class=\"wp-block-gallery has-nested-images columns-default is-cropped wp-block-gallery-1 is-layout-flex wp-block-gallery-is-layout-flex\">\n<figure class=\"wp-block-image size-large is-style-default\"><img loading=\"lazy\" decoding=\"async\" width=\"2560\" height=\"1152\" data-id=\"18\" src=\"https:\/\/vukotek.fi\/wp-content\/uploads\/2022\/06\/IMG_20220530_210945-scaled.jpg\" alt=\"\" class=\"wp-image-18\" srcset=\"https:\/\/vukotek.fi\/wp-content\/uploads\/2022\/06\/IMG_20220530_210945-scaled.jpg 2560w, https:\/\/vukotek.fi\/wp-content\/uploads\/2022\/06\/IMG_20220530_210945-300x135.jpg 300w, https:\/\/vukotek.fi\/wp-content\/uploads\/2022\/06\/IMG_20220530_210945-1024x461.jpg 1024w, https:\/\/vukotek.fi\/wp-content\/uploads\/2022\/06\/IMG_20220530_210945-768x346.jpg 768w, https:\/\/vukotek.fi\/wp-content\/uploads\/2022\/06\/IMG_20220530_210945-1536x691.jpg 1536w, https:\/\/vukotek.fi\/wp-content\/uploads\/2022\/06\/IMG_20220530_210945-2048x922.jpg 2048w\" sizes=\"auto, (max-width: 2560px) 100vw, 2560px\" \/><\/figure>\n\n\n\n<figure class=\"wp-block-image size-large\"><img loading=\"lazy\" decoding=\"async\" width=\"2560\" height=\"1152\" data-id=\"13\" src=\"https:\/\/vukotek.fi\/wp-content\/uploads\/2022\/06\/IMG_20220530_210707-scaled.jpg\" alt=\"\" class=\"wp-image-13\" srcset=\"https:\/\/vukotek.fi\/wp-content\/uploads\/2022\/06\/IMG_20220530_210707-scaled.jpg 2560w, https:\/\/vukotek.fi\/wp-content\/uploads\/2022\/06\/IMG_20220530_210707-300x135.jpg 300w, https:\/\/vukotek.fi\/wp-content\/uploads\/2022\/06\/IMG_20220530_210707-1024x461.jpg 1024w, https:\/\/vukotek.fi\/wp-content\/uploads\/2022\/06\/IMG_20220530_210707-768x346.jpg 768w, https:\/\/vukotek.fi\/wp-content\/uploads\/2022\/06\/IMG_20220530_210707-1536x691.jpg 1536w, https:\/\/vukotek.fi\/wp-content\/uploads\/2022\/06\/IMG_20220530_210707-2048x922.jpg 2048w\" sizes=\"auto, (max-width: 2560px) 100vw, 2560px\" \/><\/figure>\n\n\n\n<figure class=\"wp-block-image size-large\"><img loading=\"lazy\" decoding=\"async\" width=\"2560\" height=\"1152\" data-id=\"16\" src=\"https:\/\/vukotek.fi\/wp-content\/uploads\/2022\/06\/IMG_20220530_210912-scaled.jpg\" alt=\"\" class=\"wp-image-16\" srcset=\"https:\/\/vukotek.fi\/wp-content\/uploads\/2022\/06\/IMG_20220530_210912-scaled.jpg 2560w, https:\/\/vukotek.fi\/wp-content\/uploads\/2022\/06\/IMG_20220530_210912-300x135.jpg 300w, https:\/\/vukotek.fi\/wp-content\/uploads\/2022\/06\/IMG_20220530_210912-1024x461.jpg 1024w, https:\/\/vukotek.fi\/wp-content\/uploads\/2022\/06\/IMG_20220530_210912-768x346.jpg 768w, https:\/\/vukotek.fi\/wp-content\/uploads\/2022\/06\/IMG_20220530_210912-1536x691.jpg 1536w, https:\/\/vukotek.fi\/wp-content\/uploads\/2022\/06\/IMG_20220530_210912-2048x922.jpg 2048w\" sizes=\"auto, (max-width: 2560px) 100vw, 2560px\" \/><\/figure>\n\n\n\n<figure class=\"wp-block-image size-large\"><img loading=\"lazy\" decoding=\"async\" width=\"2268\" height=\"1195\" data-id=\"12\" src=\"https:\/\/vukotek.fi\/wp-content\/uploads\/2022\/06\/IMG_20220530_210231.jpg\" alt=\"\" class=\"wp-image-12\" srcset=\"https:\/\/vukotek.fi\/wp-content\/uploads\/2022\/06\/IMG_20220530_210231.jpg 2268w, https:\/\/vukotek.fi\/wp-content\/uploads\/2022\/06\/IMG_20220530_210231-300x158.jpg 300w, https:\/\/vukotek.fi\/wp-content\/uploads\/2022\/06\/IMG_20220530_210231-1024x540.jpg 1024w, https:\/\/vukotek.fi\/wp-content\/uploads\/2022\/06\/IMG_20220530_210231-768x405.jpg 768w, https:\/\/vukotek.fi\/wp-content\/uploads\/2022\/06\/IMG_20220530_210231-1536x809.jpg 1536w, https:\/\/vukotek.fi\/wp-content\/uploads\/2022\/06\/IMG_20220530_210231-2048x1079.jpg 2048w\" sizes=\"auto, (max-width: 2268px) 100vw, 2268px\" \/><\/figure>\n\n\n\n<figure class=\"wp-block-image size-large\"><img loading=\"lazy\" decoding=\"async\" width=\"2560\" height=\"1152\" data-id=\"15\" src=\"https:\/\/vukotek.fi\/wp-content\/uploads\/2022\/06\/IMG_20220530_210823-scaled.jpg\" alt=\"\" class=\"wp-image-15\" srcset=\"https:\/\/vukotek.fi\/wp-content\/uploads\/2022\/06\/IMG_20220530_210823-scaled.jpg 2560w, https:\/\/vukotek.fi\/wp-content\/uploads\/2022\/06\/IMG_20220530_210823-300x135.jpg 300w, https:\/\/vukotek.fi\/wp-content\/uploads\/2022\/06\/IMG_20220530_210823-1024x461.jpg 1024w, https:\/\/vukotek.fi\/wp-content\/uploads\/2022\/06\/IMG_20220530_210823-768x346.jpg 768w, https:\/\/vukotek.fi\/wp-content\/uploads\/2022\/06\/IMG_20220530_210823-1536x691.jpg 1536w, https:\/\/vukotek.fi\/wp-content\/uploads\/2022\/06\/IMG_20220530_210823-2048x922.jpg 2048w\" sizes=\"auto, (max-width: 2560px) 100vw, 2560px\" \/><\/figure>\n\n\n\n<figure class=\"wp-block-image size-large\"><img loading=\"lazy\" decoding=\"async\" width=\"1024\" height=\"461\" data-id=\"50\" src=\"https:\/\/vukotek.fi\/wp-content\/uploads\/2022\/06\/IMG_20220530_210839-1024x461.jpg\" alt=\"\" class=\"wp-image-50\" srcset=\"https:\/\/vukotek.fi\/wp-content\/uploads\/2022\/06\/IMG_20220530_210839-1024x461.jpg 1024w, https:\/\/vukotek.fi\/wp-content\/uploads\/2022\/06\/IMG_20220530_210839-300x135.jpg 300w, https:\/\/vukotek.fi\/wp-content\/uploads\/2022\/06\/IMG_20220530_210839-768x346.jpg 768w, https:\/\/vukotek.fi\/wp-content\/uploads\/2022\/06\/IMG_20220530_210839-1536x691.jpg 1536w, https:\/\/vukotek.fi\/wp-content\/uploads\/2022\/06\/IMG_20220530_210839-2048x922.jpg 2048w\" sizes=\"auto, (max-width: 1024px) 100vw, 1024px\" \/><\/figure>\n<\/figure>\n\n\n<p><strong>Vuokrataan MB Sprinter 316 GLE V.I.P. minibussi<\/strong><br \/>\u2013 1+8-paikkainen<br \/>\u2013 tilava ja siistikuntoinen<br \/>\u2013 B-kortti riitt\u00e4\u00e4<\/p>\n<p>Varusteina mm. automaattivaihteisto, ilmastointi, lis\u00e4l\u00e4mmitin, navigaattori\/radio\/cd-\/dvd-soitin takatilan n\u00e4yt\u00f6ll\u00e4, s\u00e4hk\u00f6ll\u00e4 toimiva liukuovi, matkustamon penkit pikalukitteisia (helppo poistaa\/muuttaa j\u00e4rjestyst\u00e4), tunnelmavalaistus, 220 AC invertteri, 2x Isofix kiinnikkeet ja p\u00f6yt\u00e4. Tilava, siisti ja helppoajoinen pikkubussi isommankin porukan kuljettamiseen!<\/p>\n<p>Ajoneuvo on rekister\u00f6ity ja vakuutettu vuokrausk\u00e4ytt\u00f6\u00f6n.<\/p>\n<p>Hinnasto (sis. 25.5 % alv)<\/p>\n<p>\u2013 P\u00e4iv\u00e4 115 eur (max. 200km \/pv + lis\u00e4km 0,2\u20ac\/km)<br \/>\u2013 Vuorokausi 155 eur (ei km-rajaa)<br \/>\u2013 Viikonloppu 360 eur (ei km-rajaa)<br \/>\u2013 Viikko 750 eur (maks. 1400 km, + 0,2 eur \/km ylimenev\u00e4t kilometrit)<br \/>\u2013 Sis\u00e4pesu 95 eur (kts. varausehdot)<br \/>\u2013 Ulkopesu 65 eur (kts. varausehdot)<br \/>\u2013 Tankkauspalvelu 30 eur + dieselin hinta<\/p>\n<p>Kysy tarjous: s.posti\u00a0<strong>vuokraa(at)vukotek.fi<\/strong><\/p>\n<p>puh \/ WhatsApp <strong>044 331 5576<\/strong><\/p>\n<p>Varausehdot:<br \/>\u2013 Vuokraajalla tulee olla voimassa oleva B-ajokortti ja v\u00e4hint\u00e4\u00e4n yhden vuoden ajokokemus.<br \/>\u2013 Hinnat eiv\u00e4t sis\u00e4ll\u00e4 polttoainetta. Auto luovutetaan ja vastaanotetaan tankki t\u00e4ytettyn\u00e4.<br \/>\u2013 Sovittu vuokra perit\u00e4\u00e4n ennakkoon. Maksuv\u00e4lineen\u00e4 hyv\u00e4ksyt\u00e4\u00e4n yleisimm\u00e4t kansainv\u00e4liset luottokortit, laskutus tai k\u00e4teinen.<br \/>\u2013 Omavastuuosuus vahinkotapauksissa on 500 eur.<br \/>\u2013 Vuokraaja eli asiakas on vastuussa aiheuttamistaan sakoista ja pys\u00e4k\u00f6intivirhemaksuista.<br \/>\u2013 Vuokraaja eli asiakas on vastuussa v\u00e4\u00e4r\u00e4st\u00e4 tankkauksesta ja siit\u00e4 aiheutuneista kustannuksista.<br \/>\u2013 Ei maastavienti\u00e4 ilman vuokralleantajan kirjallista lupaa.<br \/>\u2013 Tupakointi ja lemmikkiel\u00e4inten kuljetus autossa on kielletty.<br \/>\u2013 Vuokraaja on velvollinen korvaamaan vuokranantajalle auton ep\u00e4tavanomaisesta likaantumisesta johtuvat siivous- ja puhdistuskustannukset.<br \/>\u2013 Auton palauttaminen ennen sovitun vuokra-ajan p\u00e4\u00e4ttymist\u00e4 ei velvoita vuokralleantajaa palauttamaan vuokrahintaa tai osaa siit\u00e4.<\/p>\n<p>Oikeudet muutoksiin pid\u00e4tet\u00e4\u00e4n.<\/p>\n\n\n<div data-wp-interactive=\"core\/file\" class=\"wp-block-file\"><object data-wp-bind--hidden=\"!state.hasPdfPreview\" hidden class=\"wp-block-file__embed\" data=\"https:\/\/vukotek.fi\/wp-content\/uploads\/2024\/08\/YLEISET-VUOKRAUSEHDOT-VUKOTEK-OY-31.8.2024.pdf\" type=\"application\/pdf\" style=\"width:100%;height:600px\" aria-label=\"Tiedoston YLEISET VUOKRAUSEHDOT VUKOTEK OY - 31.8.2024 upotus.\"><\/object><a id=\"wp-block-file--media-fa227f0f-dca9-4ea9-9ef0-00184ca99785\" href=\"https:\/\/vukotek.fi\/wp-content\/uploads\/2024\/08\/YLEISET-VUOKRAUSEHDOT-VUKOTEK-OY-31.8.2024.pdf\">YLEISET VUOKRAUSEHDOT VUKOTEK OY &#8211; 31.8.2024<\/a><a href=\"https:\/\/vukotek.fi\/wp-content\/uploads\/2024\/08\/YLEISET-VUOKRAUSEHDOT-VUKOTEK-OY-31.8.2024.pdf\" class=\"wp-block-file__button wp-element-button\" download aria-describedby=\"wp-block-file--media-fa227f0f-dca9-4ea9-9ef0-00184ca99785\">Lataa<\/a><\/div>\n","protected":false},"excerpt":{"rendered":"<p>vuokraa(at)vukotek.fi p. 044 3315576 Vuokrataan MB Sprinter 316 GLE V.I.P. minibussi\u2013 1+8-paikkainen\u2013 tilava ja siistikuntoinen\u2013 B-kortti riitt\u00e4\u00e4 Varusteina mm. automaattivaihteisto, ilmastointi, lis\u00e4l\u00e4mmitin, navigaattori\/radio\/cd-\/dvd-soitin takatilan n\u00e4yt\u00f6ll\u00e4, s\u00e4hk\u00f6ll\u00e4 toimiva liukuovi, matkustamon penkit pikalukitteisia (helppo poistaa\/muuttaa j\u00e4rjestyst\u00e4), tunnelmavalaistus, 220 AC invertteri, 2x Isofix kiinnikkeet ja p\u00f6yt\u00e4. Tilava, siisti ja helppoajoinen pikkubussi isommankin porukan kuljettamiseen! Ajoneuvo on rekister\u00f6ity ja &#8230; <a title=\"\" class=\"read-more\" href=\"https:\/\/vukotek.fi\/index.php\/vukotek-oy\/\" aria-label=\"Lue lis\u00e4\u00e4 aiheesta \">Lue lis\u00e4\u00e4<\/a><\/p>\n","protected":false},"author":1,"featured_media":0,"parent":0,"menu_order":0,"comment_status":"closed","ping_status":"closed","template":"","meta":{"footnotes":""},"class_list":["post-9","page","type-page","status-publish"],"_links":{"self":[{"href":"https:\/\/vukotek.fi\/index.php\/wp-json\/wp\/v2\/pages\/9","targetHints":{"allow":["GET"]}}],"collection":[{"href":"https:\/\/vukotek.fi\/index.php\/wp-json\/wp\/v2\/pages"}],"about":[{"href":"https:\/\/vukotek.fi\/index.php\/wp-json\/wp\/v2\/types\/page"}],"author":[{"embeddable":true,"href":"https:\/\/vukotek.fi\/index.php\/wp-json\/wp\/v2\/users\/1"}],"replies":[{"embeddable":true,"href":"https:\/\/vukotek.fi\/index.php\/wp-json\/wp\/v2\/comments?post=9"}],"version-history":[{"count":24,"href":"https:\/\/vukotek.fi\/index.php\/wp-json\/wp\/v2\/pages\/9\/revisions"}],"predecessor-version":[{"id":86,"href":"https:\/\/vukotek.fi\/index.php\/wp-json\/wp\/v2\/pages\/9\/revisions\/86"}],"wp:attachment":[{"href":"https:\/\/vukotek.fi\/index.php\/wp-json\/wp\/v2\/media?parent=9"}],"curies":[{"name":"wp","href":"https:\/\/api.w.org\/{rel}","templated":true}]}}